{"id":51589,"date":"2026-03-28T16:57:51","date_gmt":"2026-03-28T16:57:51","guid":{"rendered":"https:\/\/katajerseys.com\/product\/2024-2025-roma-third-away-soccer-jersey-11-thai-quality-kids-size\/"},"modified":"2026-03-28T16:57:51","modified_gmt":"2026-03-28T16:57:51","slug":"2024-2025-roma-third-away-soccer-jersey-11-thai-quality-kids-size","status":"publish","type":"product","link":"https:\/\/katajerseys.com\/de\/product\/2024-2025-roma-third-away-soccer-jersey-11-thai-quality-kids-size\/","title":{"rendered":"2024\/2025 Roma Third Away Fu\u00dfballtrikot 1:1 Thai Qualit\u00e4t Kinder Gr\u00f6\u00dfe"},"content":{"rendered":"<p>Anmerkung:<br \/>\n-Sie m\u00fcssen Ihre benutzerdefinierten Informationen \u00fcber den Namen und die Nummer in der Special Instruction (optional) zu verlassen, wenn Sie Zahlungsinformationen hinzuf\u00fcgen. So dass wir sie f\u00fcr Sie anpassen k\u00f6nnen, bevor wir die Bestellung versenden. Wenn nicht, werden wir das Shirt ohne Namen und Nummer an Sie schicken. Vielen Dank!<br \/>\nBeschreibung:<br \/>\n-Composition: 100% Polyester-Predominant Color: Red-Style: For Kids-Origin: Thailand-Shield: Embroidery-Club: AC Milan-Sleeve: Short -Collar: Round-Neck<br \/>\nUngef\u00e4hre Abmessungen (H x B):<br \/>\nLieferung:<br \/>\n-Wir k\u00f6nnen in die ganze Welt versenden - Kostenloser Versand f\u00fcr mehr als $29-Empfangszeit = Bearbeitungszeit + Versandzeit-Bearbeitungszeit: Ihr Artikel wird innerhalb von 3-7 Arbeitstagen versandt - Versandzeit: USA\/ Gro\u00dfbritannien\/ Deutschland\/ Frankreich\/ Italien\/ Kanada\/ Australien\/ Mexiko: 7-15 ArbeitstageAlle anderen L\u00e4nder: 20-30 Arbeitstage<br \/>\n-Der Versandprozess kann aufgrund der lokalen Lieferpolitik w\u00e4hrend der Zeit des Coronavirus-Ausbruchs etwas l\u00e4nger dauern als \u00fcblich. Vielen Dank f\u00fcr Ihr Verst\u00e4ndnis.<br \/>\nZahlungsm\u00f6glichkeiten:<br \/>\n-Credit Card<br \/>\nSicherheit Datenschutz:<br \/>\n-Alle Zahlungen sind 100% sicher und diskret. Sie erhalten eine Auftragsbest\u00e4tigung, sobald die Zahlung abgeschlossen ist.<\/p>","protected":false},"excerpt":{"rendered":"<p>Note: -You need to leave your custom information about the name and the number in the Special Instruction(optional) when you are adding payment informations. So that we can customize them for you before we ship the order. If not, we will send the shirt without the name and the number to you. Thanks! Description: -Composition: [&hellip;]<\/p>\n","protected":false},"featured_media":51589,"comment_status":"closed","ping_status":"closed","template":"","meta":{"_acf_changed":false},"product_brand":[],"product_cat":[1809,1818,1922,1851],"product_tag":[1824,1916,1812,1819,1923],"class_list":{"0":"post-51589","1":"product","2":"type-product","3":"status-publish","4":"has-post-thumbnail","6":"product_cat-club-team","7":"product_cat-kids-size","8":"product_cat-roma","9":"product_cat-serie-a","10":"product_tag-2023-2024-season","11":"product_tag-a-league","12":"product_tag-club","13":"product_tag-kids","14":"product_tag-roma","15":"pa_size-101","16":"pa_size-102","17":"pa_size-103","18":"pa_size-104","19":"pa_size-105","20":"pa_size-106","21":"pa_size-107","23":"first","24":"instock","25":"sale","26":"shipping-taxable","27":"purchasable","28":"product-type-simple"},"acf":[],"_links":{"self":[{"href":"https:\/\/katajerseys.com\/de\/wp-json\/wp\/v2\/product\/51589","targetHints":{"allow":["GET"]}}],"collection":[{"href":"https:\/\/katajerseys.com\/de\/wp-json\/wp\/v2\/product"}],"about":[{"href":"https:\/\/katajerseys.com\/de\/wp-json\/wp\/v2\/types\/product"}],"replies":[{"embeddable":true,"href":"https:\/\/katajerseys.com\/de\/wp-json\/wp\/v2\/comments?post=51589"}],"wp:featuredmedia":[{"embeddable":true,"href":"https:\/\/katajerseys.com\/de\/wp-json\/wp\/v2\/product\/51589"}],"wp:attachment":[{"href":"https:\/\/katajerseys.com\/de\/wp-json\/wp\/v2\/media?parent=51589"}],"wp:term":[{"taxonomy":"product_brand","embeddable":true,"href":"https:\/\/katajerseys.com\/de\/wp-json\/wp\/v2\/product_brand?post=51589"},{"taxonomy":"product_cat","embeddable":true,"href":"https:\/\/katajerseys.com\/de\/wp-json\/wp\/v2\/product_cat?post=51589"},{"taxonomy":"product_tag","embeddable":true,"href":"https:\/\/katajerseys.com\/de\/wp-json\/wp\/v2\/product_tag?post=51589"}],"curies":[{"name":"wp","href":"https:\/\/api.w.org\/{rel}","templated":true}]}}