{"id":53895,"date":"2026-03-28T17:14:02","date_gmt":"2026-03-28T17:14:02","guid":{"rendered":"https:\/\/katajerseys.com\/product\/2012-retro-santos-third-away-football-shirt-11-thai-quality-2\/"},"modified":"2026-03-28T17:14:02","modified_gmt":"2026-03-28T17:14:02","slug":"2012-retro-santos-third-away-football-shirt-11-thai-quality-2","status":"publish","type":"product","link":"https:\/\/katajerseys.com\/de\/product\/2012-retro-santos-third-away-football-shirt-11-thai-quality-2\/","title":{"rendered":"2012 Retro Santos Dritte Ausw\u00e4rts Fu\u00dfballtrikot 1:1 Thai Qualit\u00e4t"},"content":{"rendered":"","protected":false},"excerpt":{"rendered":"","protected":false},"featured_media":53895,"comment_status":"closed","ping_status":"closed","template":"","meta":{"_acf_changed":false},"product_brand":[],"product_cat":[2094,1809,2091,2095],"product_tag":[1812,1813,1814,1815,1827,2096],"class_list":{"0":"post-53895","1":"product","2":"type-product","3":"status-publish","4":"has-post-thumbnail","6":"product_cat-campeonato-brasileiro-serie","7":"product_cat-club-team","8":"product_cat-other-leagues","9":"product_cat-santos","10":"product_tag-club","11":"product_tag-new-arrive","12":"product_tag-new-season","13":"product_tag-popular","14":"product_tag-retro","15":"product_tag-santos","16":"pa_size-l","17":"pa_size-m","18":"pa_size-s","19":"pa_size-xl","20":"pa_size-xxl","22":"first","23":"instock","24":"sale","25":"shipping-taxable","26":"purchasable","27":"product-type-simple"},"acf":[],"_links":{"self":[{"href":"https:\/\/katajerseys.com\/de\/wp-json\/wp\/v2\/product\/53895","targetHints":{"allow":["GET"]}}],"collection":[{"href":"https:\/\/katajerseys.com\/de\/wp-json\/wp\/v2\/product"}],"about":[{"href":"https:\/\/katajerseys.com\/de\/wp-json\/wp\/v2\/types\/product"}],"replies":[{"embeddable":true,"href":"https:\/\/katajerseys.com\/de\/wp-json\/wp\/v2\/comments?post=53895"}],"wp:featuredmedia":[{"embeddable":true,"href":"https:\/\/katajerseys.com\/de\/wp-json\/wp\/v2\/product\/53895"}],"wp:attachment":[{"href":"https:\/\/katajerseys.com\/de\/wp-json\/wp\/v2\/media?parent=53895"}],"wp:term":[{"taxonomy":"product_brand","embeddable":true,"href":"https:\/\/katajerseys.com\/de\/wp-json\/wp\/v2\/product_brand?post=53895"},{"taxonomy":"product_cat","embeddable":true,"href":"https:\/\/katajerseys.com\/de\/wp-json\/wp\/v2\/product_cat?post=53895"},{"taxonomy":"product_tag","embeddable":true,"href":"https:\/\/katajerseys.com\/de\/wp-json\/wp\/v2\/product_tag?post=53895"}],"curies":[{"name":"wp","href":"https:\/\/api.w.org\/{rel}","templated":true}]}}