{"id":53972,"date":"2026-03-28T17:14:38","date_gmt":"2026-03-28T17:14:38","guid":{"rendered":"https:\/\/katajerseys.com\/product\/2024-2025-vasco-da-gama-third-away-jersey-11-thai-quality\/"},"modified":"2026-03-28T17:14:38","modified_gmt":"2026-03-28T17:14:38","slug":"2024-2025-vasco-da-gama-third-away-jersey-11-thai-quality","status":"publish","type":"product","link":"https:\/\/katajerseys.com\/de\/product\/2024-2025-vasco-da-gama-third-away-jersey-11-thai-quality\/","title":{"rendered":"2024\/2025 Vasco da Gama Third Away Jersey 1:1 Thai Quality"},"content":{"rendered":"<p>Anmerkung:<br \/>\n-Sie m\u00fcssen Ihre benutzerdefinierten Informationen \u00fcber den Namen und die Nummer in der Special Instruction (optional) zu verlassen, wenn Sie Zahlungsinformationen hinzuf\u00fcgen. So dass wir sie f\u00fcr Sie anpassen k\u00f6nnen, bevor wir die Bestellung versenden. Wenn nicht, werden wir das Shirt ohne Namen und Nummer an Sie schicken. Vielen Dank!<br \/>\nBeschreibung:<br \/>\n-Zusammensetzung: 100% Polyester-Vorherrschende Farbe: Wei\u00df und Schwarz-Stil: F\u00fcr M\u00e4nner-Herkunft: Thailand-Schild: Stickerei-Verein: Atltico Mineiro-\u00c4rmel: Kurz-Kragen: V-Ausschnitt<br \/>\nUngef\u00e4hre Abmessungen (H x B):<br \/>\n-S: L\u00e4nge 69cm B\u00fcste 50cm H\u00f6he 165-170cm Gewicht 50-55kg-M: L\u00e4nge 75cm B\u00fcste 53cm H\u00f6he 170-175cm Gewicht 55-65kg-L: L\u00e4nge 78cm B\u00fcste 55cm H\u00f6he 175-180cm Gewicht 65-75kg-XL: L\u00e4nge 82cm B\u00fcste 57cm H\u00f6he 180-185cm Gewicht 75-85kg-XXL: L\u00e4nge 84cm B\u00fcste 60cm H\u00f6he 185-190cm Gewicht 85-100kg-Es kann eine Toleranz von 1 bis 2 cm aufgrund der manuellen Messung sein.<br \/>\nLieferung:<br \/>\n-Wir k\u00f6nnen in die ganze Welt versenden - Kostenloser Versand f\u00fcr mehr als $29-Empfangszeit = Bearbeitungszeit + Versandzeit-Bearbeitungszeit: Ihr Artikel wird innerhalb von 3-7 Arbeitstagen versandt - Versandzeit: USA\/ Gro\u00dfbritannien\/ Deutschland\/ Frankreich\/ Italien\/ Kanada\/ Australien\/ Mexiko: 7-15 ArbeitstageAlle anderen L\u00e4nder: 20-30 Arbeitstage<br \/>\n-Der Versandprozess kann aufgrund der lokalen Lieferpolitik w\u00e4hrend der Zeit des Coronavirus-Ausbruchs etwas l\u00e4nger dauern als \u00fcblich. Vielen Dank f\u00fcr Ihr Verst\u00e4ndnis.<br \/>\nZahlungsm\u00f6glichkeiten:<br \/>\n-PayPal-Kreditkarte-Debitkarte-Sie k\u00f6nnen eine von ihnen w\u00e4hlen, um zu bezahlen<br \/>\nSicherheit Datenschutz:<br \/>\n-Alle Zahlungen sind 100% sicher und diskret. Sie erhalten eine Auftragsbest\u00e4tigung, sobald die Zahlung abgeschlossen ist.<\/p>","protected":false},"excerpt":{"rendered":"<p>Note: -You need to leave your custom information about the name and the number in the Special Instruction(optional) when you are adding payment informations. So that we can customize them for you before we ship the order. If not, we will send the shirt without the name and the number to you. Thanks! Description: -Composition: [&hellip;]<\/p>\n","protected":false},"featured_media":53972,"comment_status":"closed","ping_status":"closed","template":"","meta":{"_acf_changed":false},"product_brand":[],"product_cat":[2094,1809,2091,2170],"product_tag":[1812,1813,1814,1815,2171],"class_list":{"0":"post-53972","1":"product","2":"type-product","3":"status-publish","4":"has-post-thumbnail","6":"product_cat-campeonato-brasileiro-serie","7":"product_cat-club-team","8":"product_cat-other-leagues","9":"product_cat-vasco-da-gama","10":"product_tag-club","11":"product_tag-new-arrive","12":"product_tag-new-season","13":"product_tag-popular","14":"product_tag-vasco-da-gama","15":"pa_size-l","16":"pa_size-m","17":"pa_size-s","18":"pa_size-xl","19":"pa_size-xxl","21":"first","22":"instock","23":"sale","24":"shipping-taxable","25":"purchasable","26":"product-type-simple"},"acf":[],"_links":{"self":[{"href":"https:\/\/katajerseys.com\/de\/wp-json\/wp\/v2\/product\/53972","targetHints":{"allow":["GET"]}}],"collection":[{"href":"https:\/\/katajerseys.com\/de\/wp-json\/wp\/v2\/product"}],"about":[{"href":"https:\/\/katajerseys.com\/de\/wp-json\/wp\/v2\/types\/product"}],"replies":[{"embeddable":true,"href":"https:\/\/katajerseys.com\/de\/wp-json\/wp\/v2\/comments?post=53972"}],"wp:featuredmedia":[{"embeddable":true,"href":"https:\/\/katajerseys.com\/de\/wp-json\/wp\/v2\/product\/53972"}],"wp:attachment":[{"href":"https:\/\/katajerseys.com\/de\/wp-json\/wp\/v2\/media?parent=53972"}],"wp:term":[{"taxonomy":"product_brand","embeddable":true,"href":"https:\/\/katajerseys.com\/de\/wp-json\/wp\/v2\/product_brand?post=53972"},{"taxonomy":"product_cat","embeddable":true,"href":"https:\/\/katajerseys.com\/de\/wp-json\/wp\/v2\/product_cat?post=53972"},{"taxonomy":"product_tag","embeddable":true,"href":"https:\/\/katajerseys.com\/de\/wp-json\/wp\/v2\/product_tag?post=53972"}],"curies":[{"name":"wp","href":"https:\/\/api.w.org\/{rel}","templated":true}]}}