{"id":53509,"date":"2026-03-28T17:11:10","date_gmt":"2026-03-28T17:11:10","guid":{"rendered":"https:\/\/katajerseys.com\/product\/2022-fifa-world-cup-canada-national-home-soccer-jersey\/"},"modified":"2026-03-28T17:11:10","modified_gmt":"2026-03-28T17:11:10","slug":"2022-fifa-world-cup-canada-national-home-soccer-jersey","status":"publish","type":"product","link":"https:\/\/katajerseys.com\/es\/product\/2022-fifa-world-cup-canada-national-home-soccer-jersey\/","title":{"rendered":"Camiseta nacional de f\u00fatbol de Canad\u00e1 de la Copa Mundial de la FIFA 2022"},"content":{"rendered":"<p>Nota:<br \/>\n-Usted necesita dejar su informaci\u00f3n de encargo sobre el nombre y el n\u00famero en la instrucci\u00f3n especial (opcional) cuando usted est\u00e1 agregando informaciones del pago. Para que podamos personalizar para usted antes de enviar el pedido. Si no, le enviaremos la camiseta sin el nombre y el n\u00famero. Muchas gracias.<br \/>\nDescripci\u00f3n:<br \/>\n-Composition: 100% Polyester-Predominant Color: Red-Style: For Male-Origin: Thailand-Shield: Embroidery-Country: Canada -Sleeve: Short -Collar: Round-Neck<br \/>\nDimensiones aproximadas (Al x An):<br \/>\n-S: Longitud 69cm Busto 50cm Altura 165-170cm Peso 50-55kg-M: Longitud 75cm Busto 53cm Altura 170-175cm Peso 55-65kg-L: Longitud 78cm Busto 55cm Altura 175-180cm Peso 65-75kg-XL: Longitud 82cm Busto 57cm Altura 180-185cm Peso 75-85kg-XXL: Longitud 84cm Busto 60cm Altura 185-190cm Peso 85-100kg-Puede haber una tolerancia de 1 a 2 cm debido a la medici\u00f3n manual.<br \/>\nEntrega:<br \/>\n-Podemos enviar a todo el mundo-Env\u00edo gratuito para m\u00e1s de $29-Tiempo de recepci\u00f3n = Tiempo de procesamiento + Tiempo de env\u00edo-Tiempo de procesamiento: Su art\u00edculo ser\u00e1 enviado dentro de 3-7 d\u00edas h\u00e1biles-Tiempo de env\u00edo: EE.UU. \/ Reino Unido \/ Alemania \/ Francia \/ Italia \/ Canad\u00e1 \/ Australia \/ M\u00e9xico: 7-15 d\u00edas h\u00e1bilesTodos los dem\u00e1s condados: 20-30 d\u00edas h\u00e1biles<br \/>\n-El proceso de env\u00edo puede ser un poco m\u00e1s largo de lo habitual debido a la pol\u00edtica de entrega local durante el per\u00edodo de brote de coronavirus.-Por favor, espere pacientemente. Gracias por su comprensi\u00f3n.<br \/>\nFormas de pago:<br \/>\n-PayPal-Tarjeta de cr\u00e9dito-Tarjeta de d\u00e9bito-Puede elegir una de ellas para pagar<br \/>\nSeguridad Privacidad:<br \/>\n-Todos los pagos son 100% seguros y discretos.-Recibir\u00e1 una confirmaci\u00f3n del pedido una vez completado el pago.<\/p>","protected":false},"excerpt":{"rendered":"<p>Note: -You need to leave your custom information about the name and the number in the Special Instruction(optional) when you are adding payment informations. So that we can customize them for you before we ship the order. If not, we will send the shirt without the name and the number to you. Thanks! Description: -Composition: [&hellip;]<\/p>\n","protected":false},"featured_media":53509,"comment_status":"closed","ping_status":"closed","template":"","meta":{"_acf_changed":false},"product_brand":[],"product_cat":[2017,1854,1969],"product_tag":[2018,1971,1973,1815,1979],"class_list":{"0":"post-53509","1":"product","2":"type-product","3":"status-publish","4":"has-post-thumbnail","6":"product_cat-canada","7":"product_cat-national-team","8":"product_cat-north-america","9":"product_tag-canada","10":"product_tag-country","11":"product_tag-north-america","12":"product_tag-popular","13":"product_tag-world-cup","14":"pa_size-l","15":"pa_size-m","16":"pa_size-s","17":"pa_size-xl","18":"pa_size-xxl","20":"first","21":"instock","22":"sale","23":"shipping-taxable","24":"purchasable","25":"product-type-simple"},"acf":[],"_links":{"self":[{"href":"https:\/\/katajerseys.com\/es\/wp-json\/wp\/v2\/product\/53509","targetHints":{"allow":["GET"]}}],"collection":[{"href":"https:\/\/katajerseys.com\/es\/wp-json\/wp\/v2\/product"}],"about":[{"href":"https:\/\/katajerseys.com\/es\/wp-json\/wp\/v2\/types\/product"}],"replies":[{"embeddable":true,"href":"https:\/\/katajerseys.com\/es\/wp-json\/wp\/v2\/comments?post=53509"}],"wp:featuredmedia":[{"embeddable":true,"href":"https:\/\/katajerseys.com\/es\/wp-json\/wp\/v2\/product\/53509"}],"wp:attachment":[{"href":"https:\/\/katajerseys.com\/es\/wp-json\/wp\/v2\/media?parent=53509"}],"wp:term":[{"taxonomy":"product_brand","embeddable":true,"href":"https:\/\/katajerseys.com\/es\/wp-json\/wp\/v2\/product_brand?post=53509"},{"taxonomy":"product_cat","embeddable":true,"href":"https:\/\/katajerseys.com\/es\/wp-json\/wp\/v2\/product_cat?post=53509"},{"taxonomy":"product_tag","embeddable":true,"href":"https:\/\/katajerseys.com\/es\/wp-json\/wp\/v2\/product_tag?post=53509"}],"curies":[{"name":"wp","href":"https:\/\/api.w.org\/{rel}","templated":true}]}}