{"id":53588,"date":"2026-03-28T17:11:44","date_gmt":"2026-03-28T17:11:44","guid":{"rendered":"https:\/\/katajerseys.com\/product\/2000-retro-japan-home-football-shirt-11-thai-quality\/"},"modified":"2026-03-28T17:11:44","modified_gmt":"2026-03-28T17:11:44","slug":"2000-retro-japan-home-football-shirt-11-thai-quality","status":"publish","type":"product","link":"https:\/\/katajerseys.com\/fr\/product\/2000-retro-japan-home-football-shirt-11-thai-quality\/","title":{"rendered":"2000 Retro Japan Home Football Shirt 1:1 Thai Quality"},"content":{"rendered":"<p>Remarque :<br \/>\n-Vous devez laisser vos informations personnalis\u00e9es concernant le nom et le num\u00e9ro dans l'instruction sp\u00e9ciale (facultative) lorsque vous ajoutez les informations de paiement. Nous pourrons ainsi les personnaliser avant d'exp\u00e9dier la commande. Si ce n'est pas le cas, nous vous enverrons la chemise sans le nom et le num\u00e9ro. Merci de votre compr\u00e9hension.<br \/>\nDescription :<br \/>\n-Composition: 100% Polyester-Predominant Color: Blue-Style: For Male-Origin: Thailand-Shield: Embroidery-Country: Japan-Sleeve: Short -Collar: Round-Neck<br \/>\nDimensions approximatives (H x L) :<br \/>\n-S : Longueur 69cm Buste 50cm Hauteur 165-170cm Poids 50-55kg-M : Longueur 75cm Buste 53cm Hauteur 170-175cm Poids 55-65kg-L : Longueur 78cm Buste 55cm Hauteur 175-180cm Poids 65-75kg-XL : Longueur 82cm Buste 57cm Hauteur 180-185cm Poids 75-85kg-XXL : Longueur 84cm Buste 60cm Hauteur 185-190cm Poids 85-100kg-Il peut y avoir une tol\u00e9rance de 1 \u00e0 2 cm due aux mesures manuelles.<br \/>\nLivraison :<br \/>\n-Nous pouvons exp\u00e9dier dans le monde entier -Exp\u00e9dition gratuite \u00e0 partir de $29-D\u00e9lai de r\u00e9ception = D\u00e9lai de traitement + D\u00e9lai d'exp\u00e9dition-D\u00e9lai de traitement : Votre article sera exp\u00e9di\u00e9 dans les 3 \u00e0 7 jours ouvrables-D\u00e9lai d'exp\u00e9dition\uff1aUSA\/ UK\/ Allemagne\/ France\/ Italie\/ Canada\/ Australie\/ Mexique : 7 \u00e0 15 jours ouvrablesTous les autres pays : 20 \u00e0 30 jours ouvrables<br \/>\n-Le processus d'exp\u00e9dition peut \u00eatre un peu plus long que d'habitude en raison de la politique de livraison locale pendant la p\u00e9riode d'\u00e9pid\u00e9mie de coronavirus. Merci de votre compr\u00e9hension.<br \/>\nOptions de paiement :<br \/>\n-PayPal-Carte de cr\u00e9dit-Carte de d\u00e9bit-Vous pouvez choisir l'une d'entre elles pour payer.<br \/>\nS\u00e9curit\u00e9 Confidentialit\u00e9 :<br \/>\n-Tous les paiements sont 100% s\u00e9curis\u00e9s et discrets -Vous recevrez une confirmation de commande une fois le paiement effectu\u00e9.<\/p>","protected":false},"excerpt":{"rendered":"<p>Note: -You need to leave your custom information about the name and the number in the Special Instruction(optional) when you are adding payment informations. So that we can customize them for you before we ship the order. If not, we will send the shirt without the name and the number to you. Thanks! Description: -Composition: [&hellip;]<\/p>\n","protected":false},"featured_media":53588,"comment_status":"closed","ping_status":"closed","template":"","meta":{"_acf_changed":false},"product_brand":[],"product_cat":[2013,2014,1854],"product_tag":[2015,1971,2016,1815,1979],"class_list":{"0":"post-53588","1":"product","2":"type-product","3":"status-publish","4":"has-post-thumbnail","6":"product_cat-asia","7":"product_cat-japan","8":"product_cat-national-team","9":"product_tag-asia","10":"product_tag-country","11":"product_tag-japan","12":"product_tag-popular","13":"product_tag-world-cup","14":"pa_size-l","15":"pa_size-m","16":"pa_size-s","17":"pa_size-xl","18":"pa_size-xxl","20":"first","21":"instock","22":"sale","23":"shipping-taxable","24":"purchasable","25":"product-type-simple"},"acf":[],"_links":{"self":[{"href":"https:\/\/katajerseys.com\/fr\/wp-json\/wp\/v2\/product\/53588","targetHints":{"allow":["GET"]}}],"collection":[{"href":"https:\/\/katajerseys.com\/fr\/wp-json\/wp\/v2\/product"}],"about":[{"href":"https:\/\/katajerseys.com\/fr\/wp-json\/wp\/v2\/types\/product"}],"replies":[{"embeddable":true,"href":"https:\/\/katajerseys.com\/fr\/wp-json\/wp\/v2\/comments?post=53588"}],"wp:featuredmedia":[{"embeddable":true,"href":"https:\/\/katajerseys.com\/fr\/wp-json\/wp\/v2\/product\/53588"}],"wp:attachment":[{"href":"https:\/\/katajerseys.com\/fr\/wp-json\/wp\/v2\/media?parent=53588"}],"wp:term":[{"taxonomy":"product_brand","embeddable":true,"href":"https:\/\/katajerseys.com\/fr\/wp-json\/wp\/v2\/product_brand?post=53588"},{"taxonomy":"product_cat","embeddable":true,"href":"https:\/\/katajerseys.com\/fr\/wp-json\/wp\/v2\/product_cat?post=53588"},{"taxonomy":"product_tag","embeddable":true,"href":"https:\/\/katajerseys.com\/fr\/wp-json\/wp\/v2\/product_tag?post=53588"}],"curies":[{"name":"wp","href":"https:\/\/api.w.org\/{rel}","templated":true}]}}