{"id":53952,"date":"2026-03-28T17:14:29","date_gmt":"2026-03-28T17:14:29","guid":{"rendered":"https:\/\/katajerseys.com\/product\/2024-2025-palmeiras-home-jersey-11-thai-quality-kids-size\/"},"modified":"2026-03-28T17:14:29","modified_gmt":"2026-03-28T17:14:29","slug":"2024-2025-palmeiras-home-jersey-11-thai-quality-kids-size","status":"publish","type":"product","link":"https:\/\/katajerseys.com\/fr\/product\/2024-2025-palmeiras-home-jersey-11-thai-quality-kids-size\/","title":{"rendered":"2024\/2025 Palmeiras Home Jersey 1:1 Thai Quality Kids Size"},"content":{"rendered":"<p>Remarque :<br \/>\n-Vous devez laisser vos informations personnalis\u00e9es concernant le nom et le num\u00e9ro dans l'instruction sp\u00e9ciale (facultative) lorsque vous ajoutez les informations de paiement. Nous pourrons ainsi les personnaliser avant d'exp\u00e9dier la commande. Si ce n'est pas le cas, nous vous enverrons la chemise sans le nom et le num\u00e9ro. Merci de votre compr\u00e9hension.<br \/>\nDescription :<br \/>\n-Composition: 100% Polyester-Predominant Color: White And Black-Style: For Kids-Origin: Thailand-Shield: Embroidery-Club: Atltico Mineiro-Sleeve: Short -Collar: V-Neck<br \/>\nDimensions approximatives (H x L) :<br \/>\nLivraison :<br \/>\n-Nous pouvons exp\u00e9dier dans le monde entier -Exp\u00e9dition gratuite \u00e0 partir de $29-D\u00e9lai de r\u00e9ception = D\u00e9lai de traitement + D\u00e9lai d'exp\u00e9dition-D\u00e9lai de traitement : Votre article sera exp\u00e9di\u00e9 dans les 3 \u00e0 7 jours ouvrables-D\u00e9lai d'exp\u00e9dition\uff1aUSA\/ UK\/ Allemagne\/ France\/ Italie\/ Canada\/ Australie\/ Mexique : 7 \u00e0 15 jours ouvrablesTous les autres pays : 20 \u00e0 30 jours ouvrables<br \/>\n-Le processus d'exp\u00e9dition peut \u00eatre un peu plus long que d'habitude en raison de la politique de livraison locale pendant la p\u00e9riode d'\u00e9pid\u00e9mie de coronavirus. Merci de votre compr\u00e9hension.<br \/>\nOptions de paiement :<br \/>\n-PayPal-Carte de cr\u00e9dit-Carte de d\u00e9bit-Vous pouvez choisir l'une d'entre elles pour payer.<br \/>\nS\u00e9curit\u00e9 Confidentialit\u00e9 :<br \/>\n-Tous les paiements sont 100% s\u00e9curis\u00e9s et discrets -Vous recevrez une confirmation de commande une fois le paiement effectu\u00e9.<br \/>\nAlt<\/p>","protected":false},"excerpt":{"rendered":"<p>Note: -You need to leave your custom information about the name and the number in the Special Instruction(optional) when you are adding payment informations. So that we can customize them for you before we ship the order. If not, we will send the shirt without the name and the number to you. Thanks! Description: -Composition: [&hellip;]<\/p>\n","protected":false},"featured_media":53952,"comment_status":"closed","ping_status":"closed","template":"","meta":{"_acf_changed":false},"product_brand":[],"product_cat":[2094,1809,1818,2091,2109],"product_tag":[1812,1813,1814,2110,1815],"class_list":{"0":"post-53952","1":"product","2":"type-product","3":"status-publish","4":"has-post-thumbnail","6":"product_cat-campeonato-brasileiro-serie","7":"product_cat-club-team","8":"product_cat-kids-size","9":"product_cat-other-leagues","10":"product_cat-palmeiras","11":"product_tag-club","12":"product_tag-new-arrive","13":"product_tag-new-season","14":"product_tag-palmeiras","15":"product_tag-popular","16":"pa_size-101","17":"pa_size-102","18":"pa_size-103","19":"pa_size-104","20":"pa_size-105","21":"pa_size-106","22":"pa_size-107","24":"first","25":"instock","26":"sale","27":"shipping-taxable","28":"purchasable","29":"product-type-simple"},"acf":[],"_links":{"self":[{"href":"https:\/\/katajerseys.com\/fr\/wp-json\/wp\/v2\/product\/53952","targetHints":{"allow":["GET"]}}],"collection":[{"href":"https:\/\/katajerseys.com\/fr\/wp-json\/wp\/v2\/product"}],"about":[{"href":"https:\/\/katajerseys.com\/fr\/wp-json\/wp\/v2\/types\/product"}],"replies":[{"embeddable":true,"href":"https:\/\/katajerseys.com\/fr\/wp-json\/wp\/v2\/comments?post=53952"}],"wp:featuredmedia":[{"embeddable":true,"href":"https:\/\/katajerseys.com\/fr\/wp-json\/wp\/v2\/product\/53952"}],"wp:attachment":[{"href":"https:\/\/katajerseys.com\/fr\/wp-json\/wp\/v2\/media?parent=53952"}],"wp:term":[{"taxonomy":"product_brand","embeddable":true,"href":"https:\/\/katajerseys.com\/fr\/wp-json\/wp\/v2\/product_brand?post=53952"},{"taxonomy":"product_cat","embeddable":true,"href":"https:\/\/katajerseys.com\/fr\/wp-json\/wp\/v2\/product_cat?post=53952"},{"taxonomy":"product_tag","embeddable":true,"href":"https:\/\/katajerseys.com\/fr\/wp-json\/wp\/v2\/product_tag?post=53952"}],"curies":[{"name":"wp","href":"https:\/\/api.w.org\/{rel}","templated":true}]}}