{"id":53971,"date":"2026-03-28T17:14:38","date_gmt":"2026-03-28T17:14:38","guid":{"rendered":"https:\/\/katajerseys.com\/product\/2024-2025-vasco-da-gama-away-jersey-11-thai-quality\/"},"modified":"2026-03-28T17:14:38","modified_gmt":"2026-03-28T17:14:38","slug":"2024-2025-vasco-da-gama-away-jersey-11-thai-quality","status":"publish","type":"product","link":"https:\/\/katajerseys.com\/pt\/product\/2024-2025-vasco-da-gama-away-jersey-11-thai-quality\/","title":{"rendered":"2024\/2025 Vasco da Gama Away Jersey 1:1 Thai Quality"},"content":{"rendered":"<p>Nota:<br \/>\n-Precisa de deixar a sua informa\u00e7\u00e3o personalizada sobre o nome e o n\u00famero na Instru\u00e7\u00e3o Especial (opcional) quando estiver a adicionar informa\u00e7\u00f5es de pagamento. Assim, podemos personaliz\u00e1-los para si antes de enviarmos a encomenda. Caso contr\u00e1rio, enviar-lhe-emos a t-shirt sem o nome e o n\u00famero. Obrigado!<br \/>\nDescri\u00e7\u00e3o:<br \/>\n-Composi\u00e7\u00e3o: 100% Poli\u00e9ster-Cor predominante: Branco e preto-Estilo: Para homem - Origem: Tail\u00e2ndia - Escudo: Bordado-Clube: Atl\u00e9tico Mineiro-Manga: Curta -Gola: Decote em V<br \/>\nDimens\u00f5es aproximadas (A x L):<br \/>\n-S: Comprimento 69cm Busto 50cm Altura 165-170cm Peso 50-55kg-M: Comprimento 75cm Busto 53cm Altura 170-175cm Peso 55-65kg-L: Comprimento 78cm Busto 55cm Altura 175-180cm Peso 65-75kg-XL: Comprimento 82cm Busto 57cm Altura 180-185cm Peso 75-85kg-XXL: Comprimento 84cm Busto 60cm Altura 185-190cm Peso 85-100kg - Pode haver uma toler\u00e2ncia de 1 a 2 cm devido \u00e0 medi\u00e7\u00e3o manual.<br \/>\nEntrega:<br \/>\n-Podemos enviar para todo o mundo - Frete gr\u00e1tis para mais de $29 - Tempo de recebimento = tempo de processamento + tempo de envio - Tempo de processamento: Seu item ser\u00e1 enviado dentro de 3-7 dias \u00fateis - Tempo de envio: EUA \/ Reino Unido \/ Alemanha \/ Fran\u00e7a \/ It\u00e1lia \/ Canad\u00e1 \/ Austr\u00e1lia \/ M\u00e9xico: 7-15 dias \u00fateis Todos os outros condados: 20-30 dias \u00fateis<br \/>\n-O processo de envio pode demorar um pouco mais do que o habitual devido \u00e0 pol\u00edtica de entrega local durante o per\u00edodo de surto do coronav\u00edrus. Obrigado pela vossa compreens\u00e3o.<br \/>\nOp\u00e7\u00f5es de pagamento:<br \/>\n-PayPal-Cart\u00e3o de cr\u00e9dito-Cart\u00e3o de d\u00e9bito-Pode escolher um deles para pagar<br \/>\nPrivacidade de seguran\u00e7a:<br \/>\n-Todos os pagamentos s\u00e3o 100% seguros e discretos. Receber\u00e1 uma confirma\u00e7\u00e3o da encomenda assim que o pagamento for efectuado.<\/p>","protected":false},"excerpt":{"rendered":"<p>Note: -You need to leave your custom information about the name and the number in the Special Instruction(optional) when you are adding payment informations. So that we can customize them for you before we ship the order. If not, we will send the shirt without the name and the number to you. Thanks! Description: -Composition: [&hellip;]<\/p>\n","protected":false},"featured_media":53971,"comment_status":"closed","ping_status":"closed","template":"","meta":{"_acf_changed":false},"product_brand":[],"product_cat":[2094,1809,2091,2170],"product_tag":[1812,1813,1814,1815,2171],"class_list":{"0":"post-53971","1":"product","2":"type-product","3":"status-publish","4":"has-post-thumbnail","6":"product_cat-campeonato-brasileiro-serie","7":"product_cat-club-team","8":"product_cat-other-leagues","9":"product_cat-vasco-da-gama","10":"product_tag-club","11":"product_tag-new-arrive","12":"product_tag-new-season","13":"product_tag-popular","14":"product_tag-vasco-da-gama","15":"pa_size-l","16":"pa_size-m","17":"pa_size-s","18":"pa_size-xl","19":"pa_size-xxl","21":"first","22":"instock","23":"sale","24":"shipping-taxable","25":"purchasable","26":"product-type-simple"},"acf":[],"_links":{"self":[{"href":"https:\/\/katajerseys.com\/pt\/wp-json\/wp\/v2\/product\/53971","targetHints":{"allow":["GET"]}}],"collection":[{"href":"https:\/\/katajerseys.com\/pt\/wp-json\/wp\/v2\/product"}],"about":[{"href":"https:\/\/katajerseys.com\/pt\/wp-json\/wp\/v2\/types\/product"}],"replies":[{"embeddable":true,"href":"https:\/\/katajerseys.com\/pt\/wp-json\/wp\/v2\/comments?post=53971"}],"wp:featuredmedia":[{"embeddable":true,"href":"https:\/\/katajerseys.com\/pt\/wp-json\/wp\/v2\/product\/53971"}],"wp:attachment":[{"href":"https:\/\/katajerseys.com\/pt\/wp-json\/wp\/v2\/media?parent=53971"}],"wp:term":[{"taxonomy":"product_brand","embeddable":true,"href":"https:\/\/katajerseys.com\/pt\/wp-json\/wp\/v2\/product_brand?post=53971"},{"taxonomy":"product_cat","embeddable":true,"href":"https:\/\/katajerseys.com\/pt\/wp-json\/wp\/v2\/product_cat?post=53971"},{"taxonomy":"product_tag","embeddable":true,"href":"https:\/\/katajerseys.com\/pt\/wp-json\/wp\/v2\/product_tag?post=53971"}],"curies":[{"name":"wp","href":"https:\/\/api.w.org\/{rel}","templated":true}]}}